{"id":393,"date":"2024-04-01T18:03:47","date_gmt":"2024-04-01T18:03:47","guid":{"rendered":"https:\/\/ferieski.dk\/?page_id=393"},"modified":"2025-11-23T14:48:54","modified_gmt":"2025-11-23T14:48:54","slug":"livet-paa-de-sneklaedte-pister","status":"publish","type":"page","link":"https:\/\/ferieski.dk\/index.php\/galleri\/livet-paa-de-sneklaedte-pister\/","title":{"rendered":""},"content":{"rendered":"\n<div class=\"wp-block-cover alignfull is-light\" style=\"margin-top:0;padding-top:6vw;padding-right:6vw;padding-bottom:6vw;padding-left:6vw;min-height:443px;aspect-ratio:unset;\"><img loading=\"lazy\" decoding=\"async\" width=\"1920\" height=\"2560\" class=\"wp-block-cover__image-background wp-image-335\" alt=\"\" src=\"https:\/\/ferieski.dk\/wp-content\/uploads\/2023\/02\/C92F06A6-81F7-4952-B77C-61FC4A92AD30-scaled.jpeg\" style=\"object-position:57% 46%\" data-object-fit=\"cover\" data-object-position=\"57% 46%\" srcset=\"https:\/\/ferieski.dk\/wp-content\/uploads\/2023\/02\/C92F06A6-81F7-4952-B77C-61FC4A92AD30-scaled.jpeg 1920w, https:\/\/ferieski.dk\/wp-content\/uploads\/2023\/02\/C92F06A6-81F7-4952-B77C-61FC4A92AD30-225x300.jpeg 225w, https:\/\/ferieski.dk\/wp-content\/uploads\/2023\/02\/C92F06A6-81F7-4952-B77C-61FC4A92AD30-768x1024.jpeg 768w, https:\/\/ferieski.dk\/wp-content\/uploads\/2023\/02\/C92F06A6-81F7-4952-B77C-61FC4A92AD30-1152x1536.jpeg 1152w, https:\/\/ferieski.dk\/wp-content\/uploads\/2023\/02\/C92F06A6-81F7-4952-B77C-61FC4A92AD30-1536x2048.jpeg 1536w\" sizes=\"auto, (max-width: 1920px) 100vw, 1920px\" \/><span aria-hidden=\"true\" class=\"wp-block-cover__background has-base-background-color has-background-dim-20 has-background-dim\"><\/span><div class=\"wp-block-cover__inner-container is-layout-flow wp-block-cover-is-layout-flow\">\n<div class=\"wp-block-group is-content-justification-center is-layout-flex wp-container-core-group-is-layout-82565499 wp-block-group-is-layout-flex\">\n<div class=\"wp-block-group alignwide wp-container-content-ceb7f5b3 is-vertical is-layout-flex wp-container-core-group-is-layout-5f9f5280 wp-block-group-is-layout-flex\">\n<h2 class=\"wp-block-heading has-text-align-left has-contrast-color has-text-color\" style=\"font-size:clamp(50.171px, 3.136rem + ((1vw - 3.2px) * 5.662), 100px);font-style:normal;font-weight:500;line-height:0.9;text-transform:none\">Livet p\u00e5 de snekl\u00e6dte pister<\/h2>\n\n\n\n<div style=\"height:24px;width:0px\" aria-hidden=\"true\" class=\"wp-block-spacer wp-container-content-541a6b20\"><\/div>\n\n\n\n<p class=\"has-text-align-left has-contrast-color has-text-color\">Skil\u00f8b i de franske apler og smukke panoramabilleder af snekl\u00e6dte bjerge.<\/p>\n\n\n\n<ul class=\"wp-block-list has-contrast-color has-text-color has-link-color wp-elements-717278cde69317081778a380c6c94cad\">\n<li><mark style=\"background-color:rgba(0, 0, 0, 0)\" class=\"has-inline-color has-contrast-color\">Snekl\u00e6dte bjerge<\/mark><\/li>\n\n\n\n<li>Glad skil\u00f8bere<\/li>\n\n\n\n<li>Smukke omgivelser<\/li>\n\n\n\n<li>F\u00f8lelsen af frihed<\/li>\n<\/ul>\n\n\n\n<div class=\"wp-block-columns is-layout-flex wp-container-core-columns-is-layout-28f84493 wp-block-columns-is-layout-flex\">\n<div class=\"wp-block-column is-layout-flow wp-block-column-is-layout-flow\"><\/div>\n<\/div>\n<\/div>\n\n\n\n<div class=\"wp-block-group is-content-justification-right is-nowrap is-layout-flex wp-container-core-group-is-layout-59a2d94b wp-block-group-is-layout-flex\"><\/div>\n<\/div>\n<\/div><\/div>\n\n\n\n<div class=\"wp-block-group alignfull has-base-background-color has-background is-layout-flow wp-block-group-is-layout-flow\" style=\"padding-top:6vw;padding-right:6vw;padding-bottom:6vw;padding-left:6vw\">\n<div class=\"wp-block-group is-vertical is-nowrap is-layout-flex wp-container-core-group-is-layout-36fd9ea3 wp-block-group-is-layout-flex\" style=\"padding-right:0;padding-left:0\">\n<h6 class=\"wp-block-heading has-text-color\" id=\"ecosystem\" style=\"color:#000000;font-size:clamp(14px, 0.875rem + ((1vw - 3.2px) * 0.227), 16px);\"><\/h6>\n\n\n\n<p class=\"has-text-color\" style=\"color:#000000;font-size:6vw;font-style:normal;font-weight:700;letter-spacing:0px;line-height:0.9;text-decoration:none;text-transform:none\">F\u00e6lles \u00f8jeblikke og eventyr <\/p>\n<\/div>\n\n\n\n<div style=\"height:1vw\" aria-hidden=\"true\" class=\"wp-block-spacer\"><\/div>\n\n\n\n<div class=\"wp-block-group alignwide is-vertical is-nowrap is-layout-flex wp-container-core-group-is-layout-7946b6b8 wp-block-group-is-layout-flex\" style=\"padding-top:0;padding-right:0;padding-bottom:0;padding-left:0\">\n<div class=\"wp-block-columns alignwide is-layout-flex wp-container-core-columns-is-layout-21b20327 wp-block-columns-is-layout-flex\">\n<div class=\"wp-block-column is-layout-flow wp-block-column-is-layout-flow\" style=\"flex-basis:33.38%\">\n<p>Fra morgenens f\u00f8rste sving til solens sidste str\u00e5ler over bjerget \u2013 dagen er fyldt med grin, fart og gode stunder. Det er her, minderne skabes.<\/p>\n\n\n\n<figure class=\"wp-block-image size-large\"><img loading=\"lazy\" decoding=\"async\" width=\"1024\" height=\"471\" src=\"https:\/\/ferieski.dk\/wp-content\/uploads\/2024\/04\/image001-e1711982551155-1024x471.jpeg\" alt=\"\" class=\"wp-image-476\" srcset=\"https:\/\/ferieski.dk\/wp-content\/uploads\/2024\/04\/image001-e1711982551155-1024x471.jpeg 1024w, https:\/\/ferieski.dk\/wp-content\/uploads\/2024\/04\/image001-e1711982551155-300x138.jpeg 300w, https:\/\/ferieski.dk\/wp-content\/uploads\/2024\/04\/image001-e1711982551155-768x353.jpeg 768w, https:\/\/ferieski.dk\/wp-content\/uploads\/2024\/04\/image001-e1711982551155-1536x706.jpeg 1536w, https:\/\/ferieski.dk\/wp-content\/uploads\/2024\/04\/image001-e1711982551155.jpeg 2016w\" sizes=\"auto, (max-width: 1024px) 100vw, 1024px\" \/><\/figure>\n\n\n\n<figure class=\"wp-block-image alignright size-large is-resized\"><img loading=\"lazy\" decoding=\"async\" width=\"768\" height=\"1024\" src=\"https:\/\/ferieski.dk\/wp-content\/uploads\/2023\/02\/45FA8B09-4924-4166-BE2F-AE7A921CC337-768x1024.jpeg\" alt=\"\" class=\"wp-image-333\" style=\"width:412px;height:auto\" srcset=\"https:\/\/ferieski.dk\/wp-content\/uploads\/2023\/02\/45FA8B09-4924-4166-BE2F-AE7A921CC337-768x1024.jpeg 768w, https:\/\/ferieski.dk\/wp-content\/uploads\/2023\/02\/45FA8B09-4924-4166-BE2F-AE7A921CC337-225x300.jpeg 225w, https:\/\/ferieski.dk\/wp-content\/uploads\/2023\/02\/45FA8B09-4924-4166-BE2F-AE7A921CC337-1152x1536.jpeg 1152w, https:\/\/ferieski.dk\/wp-content\/uploads\/2023\/02\/45FA8B09-4924-4166-BE2F-AE7A921CC337-1536x2048.jpeg 1536w, https:\/\/ferieski.dk\/wp-content\/uploads\/2023\/02\/45FA8B09-4924-4166-BE2F-AE7A921CC337-scaled.jpeg 1920w\" sizes=\"auto, (max-width: 768px) 100vw, 768px\" \/><\/figure>\n<\/div>\n\n\n\n<div class=\"wp-block-column is-layout-flow wp-block-column-is-layout-flow\" style=\"flex-basis:33%\">\n<div style=\"height:0px\" aria-hidden=\"true\" class=\"wp-block-spacer\"><\/div>\n\n\n\n<figure class=\"wp-block-image size-large\"><img loading=\"lazy\" decoding=\"async\" width=\"768\" height=\"1024\" src=\"https:\/\/ferieski.dk\/wp-content\/uploads\/2023\/02\/E4813D23-4492-4FC9-A551-45B1B5F17E31-768x1024.jpeg\" alt=\"\" class=\"wp-image-313\" srcset=\"https:\/\/ferieski.dk\/wp-content\/uploads\/2023\/02\/E4813D23-4492-4FC9-A551-45B1B5F17E31-768x1024.jpeg 768w, https:\/\/ferieski.dk\/wp-content\/uploads\/2023\/02\/E4813D23-4492-4FC9-A551-45B1B5F17E31-225x300.jpeg 225w, https:\/\/ferieski.dk\/wp-content\/uploads\/2023\/02\/E4813D23-4492-4FC9-A551-45B1B5F17E31-1152x1536.jpeg 1152w, https:\/\/ferieski.dk\/wp-content\/uploads\/2023\/02\/E4813D23-4492-4FC9-A551-45B1B5F17E31-1536x2048.jpeg 1536w, https:\/\/ferieski.dk\/wp-content\/uploads\/2023\/02\/E4813D23-4492-4FC9-A551-45B1B5F17E31-scaled.jpeg 1920w\" sizes=\"auto, (max-width: 768px) 100vw, 768px\" \/><\/figure>\n\n\n\n<figure class=\"wp-block-image aligncenter size-large is-resized\"><img loading=\"lazy\" decoding=\"async\" width=\"1024\" height=\"780\" src=\"https:\/\/ferieski.dk\/wp-content\/uploads\/2024\/04\/IMG_2452-e1711982442729-1024x780.jpeg\" alt=\"\" class=\"wp-image-441\" style=\"width:351px;height:auto\" srcset=\"https:\/\/ferieski.dk\/wp-content\/uploads\/2024\/04\/IMG_2452-e1711982442729-1024x780.jpeg 1024w, https:\/\/ferieski.dk\/wp-content\/uploads\/2024\/04\/IMG_2452-e1711982442729-300x229.jpeg 300w, https:\/\/ferieski.dk\/wp-content\/uploads\/2024\/04\/IMG_2452-e1711982442729-768x585.jpeg 768w, https:\/\/ferieski.dk\/wp-content\/uploads\/2024\/04\/IMG_2452-e1711982442729.jpeg 1536w\" sizes=\"auto, (max-width: 1024px) 100vw, 1024px\" \/><\/figure>\n<\/div>\n\n\n\n<div class=\"wp-block-column is-layout-flow wp-block-column-is-layout-flow\" style=\"flex-basis:33.62%\">\n<figure class=\"wp-block-image size-large is-resized\"><img loading=\"lazy\" decoding=\"async\" width=\"1024\" height=\"768\" src=\"https:\/\/ferieski.dk\/wp-content\/uploads\/2024\/04\/IMG_0668-1024x768.jpeg\" alt=\"\" class=\"wp-image-463\" style=\"width:444px;height:auto\" srcset=\"https:\/\/ferieski.dk\/wp-content\/uploads\/2024\/04\/IMG_0668-1024x768.jpeg 1024w, https:\/\/ferieski.dk\/wp-content\/uploads\/2024\/04\/IMG_0668-300x225.jpeg 300w, https:\/\/ferieski.dk\/wp-content\/uploads\/2024\/04\/IMG_0668-768x576.jpeg 768w, https:\/\/ferieski.dk\/wp-content\/uploads\/2024\/04\/IMG_0668-1536x1152.jpeg 1536w, https:\/\/ferieski.dk\/wp-content\/uploads\/2024\/04\/IMG_0668-2048x1536.jpeg 2048w\" sizes=\"auto, (max-width: 1024px) 100vw, 1024px\" \/><\/figure>\n\n\n\n<figure class=\"wp-block-image size-large is-resized\"><img loading=\"lazy\" decoding=\"async\" width=\"1024\" height=\"719\" src=\"https:\/\/ferieski.dk\/wp-content\/uploads\/2024\/04\/IMG_2466-e1711982472960-1024x719.jpeg\" alt=\"\" class=\"wp-image-439\" style=\"width:343px;height:auto\" srcset=\"https:\/\/ferieski.dk\/wp-content\/uploads\/2024\/04\/IMG_2466-e1711982472960-1024x719.jpeg 1024w, https:\/\/ferieski.dk\/wp-content\/uploads\/2024\/04\/IMG_2466-e1711982472960-300x211.jpeg 300w, https:\/\/ferieski.dk\/wp-content\/uploads\/2024\/04\/IMG_2466-e1711982472960-768x539.jpeg 768w, https:\/\/ferieski.dk\/wp-content\/uploads\/2024\/04\/IMG_2466-e1711982472960.jpeg 1536w\" sizes=\"auto, (max-width: 1024px) 100vw, 1024px\" \/><\/figure>\n\n\n\n<figure class=\"wp-block-image size-large\"><img loading=\"lazy\" decoding=\"async\" width=\"1024\" height=\"768\" src=\"https:\/\/ferieski.dk\/wp-content\/uploads\/2024\/04\/IMG_5735-1024x768.jpeg\" alt=\"\" class=\"wp-image-471\" srcset=\"https:\/\/ferieski.dk\/wp-content\/uploads\/2024\/04\/IMG_5735-1024x768.jpeg 1024w, https:\/\/ferieski.dk\/wp-content\/uploads\/2024\/04\/IMG_5735-300x225.jpeg 300w, https:\/\/ferieski.dk\/wp-content\/uploads\/2024\/04\/IMG_5735-768x576.jpeg 768w, https:\/\/ferieski.dk\/wp-content\/uploads\/2024\/04\/IMG_5735-1536x1152.jpeg 1536w, https:\/\/ferieski.dk\/wp-content\/uploads\/2024\/04\/IMG_5735-2048x1536.jpeg 2048w\" sizes=\"auto, (max-width: 1024px) 100vw, 1024px\" \/><\/figure>\n<\/div>\n<\/div>\n\n\n\n<div class=\"wp-block-columns alignwide is-layout-flex wp-container-core-columns-is-layout-c24efe4f wp-block-columns-is-layout-flex\">\n<div class=\"wp-block-column is-layout-flow wp-block-column-is-layout-flow\" style=\"flex-basis:69%\">\n<figure class=\"wp-block-image size-large\"><img loading=\"lazy\" decoding=\"async\" width=\"1024\" height=\"717\" src=\"https:\/\/ferieski.dk\/wp-content\/uploads\/2024\/04\/IMG_5914-scaled-e1711982503265-1024x717.jpeg\" alt=\"\" class=\"wp-image-462\" srcset=\"https:\/\/ferieski.dk\/wp-content\/uploads\/2024\/04\/IMG_5914-scaled-e1711982503265-1024x717.jpeg 1024w, https:\/\/ferieski.dk\/wp-content\/uploads\/2024\/04\/IMG_5914-scaled-e1711982503265-300x210.jpeg 300w, https:\/\/ferieski.dk\/wp-content\/uploads\/2024\/04\/IMG_5914-scaled-e1711982503265-768x538.jpeg 768w, https:\/\/ferieski.dk\/wp-content\/uploads\/2024\/04\/IMG_5914-scaled-e1711982503265-1536x1075.jpeg 1536w, https:\/\/ferieski.dk\/wp-content\/uploads\/2024\/04\/IMG_5914-scaled-e1711982503265-2048x1434.jpeg 2048w\" sizes=\"auto, (max-width: 1024px) 100vw, 1024px\" \/><\/figure>\n<\/div>\n\n\n\n<div class=\"wp-block-column is-vertically-aligned-center is-layout-flow wp-block-column-is-layout-flow\" style=\"flex-basis:33%\">\n<p>Sjov, grin og masser af leg i sneen \u2013 det er bl.a. det, der g\u00f8r skiferien uforglemmelig! Uanset om man suser ned ad pisterne, stiller op til f\u00e6llesbillede eller hopper over sm\u00e5 bakker, er hver dag fyldt med latter og gode stunder sammen med familie og venner.&#8221;<\/p>\n\n\n\n<figure class=\"wp-block-image size-large\"><img decoding=\"async\" src=\"https:\/\/ferieski.dk\/wp-content\/uploads\/2024\/04\/IMG_5783-1024x768.jpeg\" alt=\"\" class=\"wp-image-469\"\/><\/figure>\n\n\n\n<figure class=\"wp-block-image size-large\"><img loading=\"lazy\" decoding=\"async\" width=\"1024\" height=\"566\" src=\"https:\/\/ferieski.dk\/wp-content\/uploads\/2024\/04\/IMG_5768-scaled-e1711982631709-1024x566.jpeg\" alt=\"\" class=\"wp-image-474\" srcset=\"https:\/\/ferieski.dk\/wp-content\/uploads\/2024\/04\/IMG_5768-scaled-e1711982631709-1024x566.jpeg 1024w, https:\/\/ferieski.dk\/wp-content\/uploads\/2024\/04\/IMG_5768-scaled-e1711982631709-300x166.jpeg 300w, https:\/\/ferieski.dk\/wp-content\/uploads\/2024\/04\/IMG_5768-scaled-e1711982631709-768x425.jpeg 768w, https:\/\/ferieski.dk\/wp-content\/uploads\/2024\/04\/IMG_5768-scaled-e1711982631709-1536x850.jpeg 1536w, https:\/\/ferieski.dk\/wp-content\/uploads\/2024\/04\/IMG_5768-scaled-e1711982631709-2048x1133.jpeg 2048w\" sizes=\"auto, (max-width: 1024px) 100vw, 1024px\" \/><\/figure>\n<\/div>\n<\/div>\n<\/div>\n<\/div>\n\n\n\n<div class=\"wp-block-cover alignfull has-base-color has-text-color has-link-color wp-elements-d1ce33d2307ad7ba92abefddae057fe3\" style=\"margin-top:0;padding-top:4vw;padding-right:4vw;padding-bottom:4vw;padding-left:4vw;min-height:66vh;aspect-ratio:unset;\"><img loading=\"lazy\" decoding=\"async\" width=\"2560\" height=\"1920\" class=\"wp-block-cover__image-background wp-image-185\" alt=\"\" src=\"https:\/\/ferieski.dk\/wp-content\/uploads\/2023\/02\/22568526-246F-40F9-B227-AFDF513B85F4-scaled.jpeg\" data-object-fit=\"cover\" srcset=\"https:\/\/ferieski.dk\/wp-content\/uploads\/2023\/02\/22568526-246F-40F9-B227-AFDF513B85F4-scaled.jpeg 2560w, https:\/\/ferieski.dk\/wp-content\/uploads\/2023\/02\/22568526-246F-40F9-B227-AFDF513B85F4-300x225.jpeg 300w, https:\/\/ferieski.dk\/wp-content\/uploads\/2023\/02\/22568526-246F-40F9-B227-AFDF513B85F4-1024x768.jpeg 1024w, https:\/\/ferieski.dk\/wp-content\/uploads\/2023\/02\/22568526-246F-40F9-B227-AFDF513B85F4-768x576.jpeg 768w, https:\/\/ferieski.dk\/wp-content\/uploads\/2023\/02\/22568526-246F-40F9-B227-AFDF513B85F4-1536x1152.jpeg 1536w, https:\/\/ferieski.dk\/wp-content\/uploads\/2023\/02\/22568526-246F-40F9-B227-AFDF513B85F4-2048x1536.jpeg 2048w\" sizes=\"auto, (max-width: 2560px) 100vw, 2560px\" \/><span aria-hidden=\"true\" class=\"wp-block-cover__background has-black-background-color has-background-dim-20 has-background-dim\"><\/span><div class=\"wp-block-cover__inner-container is-layout-flow wp-block-cover-is-layout-flow\">\n<div class=\"wp-block-group has-global-padding is-content-justification-left is-layout-constrained wp-container-core-group-is-layout-d7e6ce0a wp-block-group-is-layout-constrained\">\n<p class=\"has-text-align-left has-base-color has-text-color\" style=\"font-size:clamp(57.838px, 3.615rem + ((1vw - 3.2px) * 7.064), 120px);font-style:normal;font-weight:700;letter-spacing:-2px;line-height:1;text-transform:uppercase\">Opdag<\/p>\n\n\n\n<p class=\"has-text-align-right has-base-color has-text-color\" style=\"font-size:clamp(38.682px, 2.418rem + ((1vw - 3.2px) * 3.786), 72px);font-style:normal;font-weight:700;letter-spacing:0px;line-height:1;text-transform:uppercase\"><strong>skil\u00f8bets magi<\/strong><\/p>\n\n\n\n<p class=\"has-text-align-left has-base-color has-text-color\" style=\"font-size:clamp(38.682px, 2.418rem + ((1vw - 3.2px) * 3.786), 72px);font-style:normal;font-weight:700;letter-spacing:0px;line-height:1;text-transform:uppercase\">I val thorens <\/p>\n\n\n\n<p class=\"has-text-align-left has-base-color has-text-color\" style=\"font-size:clamp(38.682px, 2.418rem + ((1vw - 3.2px) * 3.786), 72px);font-style:normal;font-weight:700;letter-spacing:0px;line-height:1;text-transform:uppercase\">og skab uforglemmelige <\/p>\n\n\n\n<p class=\"has-text-align-right has-base-color has-text-color\" style=\"font-size:clamp(67.975px, 4.248rem + ((1vw - 3.2px) * 9.094), 148px);font-style:normal;font-weight:700;letter-spacing:-2px;line-height:1;text-transform:uppercase\">minder.<\/p>\n<\/div>\n<\/div><\/div>\n\n\n\n<div class=\"wp-block-group alignfull has-base-background-color has-background is-layout-flow wp-block-group-is-layout-flow\" style=\"padding-top:6vw;padding-right:6vw;padding-bottom:6vw;padding-left:6vw\">\n<div class=\"wp-block-group alignwide is-vertical is-nowrap is-layout-flex wp-container-core-group-is-layout-7946b6b8 wp-block-group-is-layout-flex\" style=\"padding-top:0;padding-right:0;padding-bottom:0;padding-left:0\">\n<div class=\"wp-block-columns alignwide is-layout-flex wp-container-core-columns-is-layout-21b20327 wp-block-columns-is-layout-flex\">\n<div class=\"wp-block-column is-layout-flow wp-block-column-is-layout-flow\" style=\"flex-basis:33.38%\">\n<figure class=\"wp-block-image size-large\"><img loading=\"lazy\" decoding=\"async\" width=\"776\" height=\"1024\" src=\"https:\/\/ferieski.dk\/wp-content\/uploads\/2024\/03\/DDFF2E8D-56BB-42EA-9791-06A857D33297-edited-e1711982685171-776x1024.jpeg\" alt=\"\" class=\"wp-image-362\" srcset=\"https:\/\/ferieski.dk\/wp-content\/uploads\/2024\/03\/DDFF2E8D-56BB-42EA-9791-06A857D33297-edited-e1711982685171-776x1024.jpeg 776w, https:\/\/ferieski.dk\/wp-content\/uploads\/2024\/03\/DDFF2E8D-56BB-42EA-9791-06A857D33297-edited-e1711982685171-227x300.jpeg 227w, https:\/\/ferieski.dk\/wp-content\/uploads\/2024\/03\/DDFF2E8D-56BB-42EA-9791-06A857D33297-edited-e1711982685171-768x1013.jpeg 768w, https:\/\/ferieski.dk\/wp-content\/uploads\/2024\/03\/DDFF2E8D-56BB-42EA-9791-06A857D33297-edited-e1711982685171-1165x1536.jpeg 1165w, https:\/\/ferieski.dk\/wp-content\/uploads\/2024\/03\/DDFF2E8D-56BB-42EA-9791-06A857D33297-edited-e1711982685171-1553x2048.jpeg 1553w, https:\/\/ferieski.dk\/wp-content\/uploads\/2024\/03\/DDFF2E8D-56BB-42EA-9791-06A857D33297-edited-e1711982685171.jpeg 1856w\" sizes=\"auto, (max-width: 776px) 100vw, 776px\" \/><\/figure>\n\n\n\n<figure class=\"wp-block-image size-large is-resized\"><img loading=\"lazy\" decoding=\"async\" width=\"1024\" height=\"542\" src=\"https:\/\/ferieski.dk\/wp-content\/uploads\/2023\/02\/4D5F3C43-861F-41E0-838D-301C10967EA3-scaled-e1711982893889-1024x542.jpeg\" alt=\"\" class=\"wp-image-160\" style=\"width:465px;height:auto\" srcset=\"https:\/\/ferieski.dk\/wp-content\/uploads\/2023\/02\/4D5F3C43-861F-41E0-838D-301C10967EA3-scaled-e1711982893889-1024x542.jpeg 1024w, https:\/\/ferieski.dk\/wp-content\/uploads\/2023\/02\/4D5F3C43-861F-41E0-838D-301C10967EA3-scaled-e1711982893889-300x159.jpeg 300w, https:\/\/ferieski.dk\/wp-content\/uploads\/2023\/02\/4D5F3C43-861F-41E0-838D-301C10967EA3-scaled-e1711982893889-768x407.jpeg 768w, https:\/\/ferieski.dk\/wp-content\/uploads\/2023\/02\/4D5F3C43-861F-41E0-838D-301C10967EA3-scaled-e1711982893889-1536x814.jpeg 1536w, https:\/\/ferieski.dk\/wp-content\/uploads\/2023\/02\/4D5F3C43-861F-41E0-838D-301C10967EA3-scaled-e1711982893889-2048x1085.jpeg 2048w\" sizes=\"auto, (max-width: 1024px) 100vw, 1024px\" \/><\/figure>\n<\/div>\n\n\n\n<div class=\"wp-block-column is-layout-flow wp-block-column-is-layout-flow\" style=\"flex-basis:33%\">\n<div style=\"height:2vw\" aria-hidden=\"true\" class=\"wp-block-spacer\"><\/div>\n\n\n\n<figure class=\"wp-block-video\"><video height=\"1280\" style=\"aspect-ratio: 720 \/ 1280;\" width=\"720\" controls src=\"https:\/\/ferieski.dk\/wp-content\/uploads\/2024\/04\/IMG_2453.mp4\"><\/video><\/figure>\n<\/div>\n\n\n\n<div class=\"wp-block-column is-vertically-aligned-bottom is-layout-flow wp-block-column-is-layout-flow\" style=\"flex-basis:33.62%\">\n<figure class=\"wp-block-image size-large is-resized\"><img loading=\"lazy\" decoding=\"async\" width=\"1024\" height=\"731\" src=\"https:\/\/ferieski.dk\/wp-content\/uploads\/2024\/04\/IMG_2451-e1711982816322-1024x731.jpeg\" alt=\"\" class=\"wp-image-440\" style=\"width:465px;height:auto\" srcset=\"https:\/\/ferieski.dk\/wp-content\/uploads\/2024\/04\/IMG_2451-e1711982816322-1024x731.jpeg 1024w, https:\/\/ferieski.dk\/wp-content\/uploads\/2024\/04\/IMG_2451-e1711982816322-300x214.jpeg 300w, https:\/\/ferieski.dk\/wp-content\/uploads\/2024\/04\/IMG_2451-e1711982816322-768x548.jpeg 768w, https:\/\/ferieski.dk\/wp-content\/uploads\/2024\/04\/IMG_2451-e1711982816322.jpeg 1265w\" sizes=\"auto, (max-width: 1024px) 100vw, 1024px\" \/><\/figure>\n\n\n\n<figure class=\"wp-block-image size-large\"><img loading=\"lazy\" decoding=\"async\" width=\"1024\" height=\"768\" src=\"https:\/\/ferieski.dk\/wp-content\/uploads\/2023\/02\/44943974-0ECE-455B-BD85-F972DAC2F455-1024x768.jpeg\" alt=\"\" class=\"wp-image-312\" srcset=\"https:\/\/ferieski.dk\/wp-content\/uploads\/2023\/02\/44943974-0ECE-455B-BD85-F972DAC2F455-1024x768.jpeg 1024w, https:\/\/ferieski.dk\/wp-content\/uploads\/2023\/02\/44943974-0ECE-455B-BD85-F972DAC2F455-300x225.jpeg 300w, https:\/\/ferieski.dk\/wp-content\/uploads\/2023\/02\/44943974-0ECE-455B-BD85-F972DAC2F455-768x576.jpeg 768w, https:\/\/ferieski.dk\/wp-content\/uploads\/2023\/02\/44943974-0ECE-455B-BD85-F972DAC2F455-1536x1152.jpeg 1536w, https:\/\/ferieski.dk\/wp-content\/uploads\/2023\/02\/44943974-0ECE-455B-BD85-F972DAC2F455-2048x1536.jpeg 2048w\" sizes=\"auto, (max-width: 1024px) 100vw, 1024px\" \/><\/figure>\n\n\n\n<p class=\"has-text-color\" style=\"color:#000000;font-size:clamp(14px, 0.875rem + ((1vw - 3.2px) * 0.341), 17px);\">Langs snekl\u00e6dte bakker og gennem dybe dale \u2013 her kan man nyde naturen p\u00e5 n\u00e6rt hold. De 3 Dale byder p\u00e5 b\u00e5de udfordring og ro, med panoramaer, der tager pusten fra enhver.<\/p>\n<\/div>\n<\/div>\n<\/div>\n\n\n\n<div class=\"wp-block-columns is-layout-flex wp-container-core-columns-is-layout-28f84493 wp-block-columns-is-layout-flex\">\n<div class=\"wp-block-column is-vertically-aligned-center is-layout-flow wp-block-column-is-layout-flow\" style=\"flex-basis:33.33%\">\n<figure class=\"wp-block-image size-large\"><img loading=\"lazy\" decoding=\"async\" width=\"1024\" height=\"566\" src=\"https:\/\/ferieski.dk\/wp-content\/uploads\/2023\/02\/93194D34-A0BA-4724-B6B0-7881935187B1-scaled-e1711983043915-1024x566.jpeg\" alt=\"\" class=\"wp-image-14\" srcset=\"https:\/\/ferieski.dk\/wp-content\/uploads\/2023\/02\/93194D34-A0BA-4724-B6B0-7881935187B1-scaled-e1711983043915-1024x566.jpeg 1024w, https:\/\/ferieski.dk\/wp-content\/uploads\/2023\/02\/93194D34-A0BA-4724-B6B0-7881935187B1-scaled-e1711983043915-300x166.jpeg 300w, https:\/\/ferieski.dk\/wp-content\/uploads\/2023\/02\/93194D34-A0BA-4724-B6B0-7881935187B1-scaled-e1711983043915-768x425.jpeg 768w, https:\/\/ferieski.dk\/wp-content\/uploads\/2023\/02\/93194D34-A0BA-4724-B6B0-7881935187B1-scaled-e1711983043915-1536x850.jpeg 1536w, https:\/\/ferieski.dk\/wp-content\/uploads\/2023\/02\/93194D34-A0BA-4724-B6B0-7881935187B1-scaled-e1711983043915-2048x1133.jpeg 2048w\" sizes=\"auto, (max-width: 1024px) 100vw, 1024px\" \/><\/figure>\n\n\n\n<figure class=\"wp-block-image size-large\"><img loading=\"lazy\" decoding=\"async\" width=\"1024\" height=\"638\" src=\"https:\/\/ferieski.dk\/wp-content\/uploads\/2023\/02\/A51C1EFC-C1B6-40E1-B232-7693CBDC161A-scaled-e1711983140755-1024x638.jpeg\" alt=\"\" class=\"wp-image-102\" srcset=\"https:\/\/ferieski.dk\/wp-content\/uploads\/2023\/02\/A51C1EFC-C1B6-40E1-B232-7693CBDC161A-scaled-e1711983140755-1024x638.jpeg 1024w, https:\/\/ferieski.dk\/wp-content\/uploads\/2023\/02\/A51C1EFC-C1B6-40E1-B232-7693CBDC161A-scaled-e1711983140755-300x187.jpeg 300w, https:\/\/ferieski.dk\/wp-content\/uploads\/2023\/02\/A51C1EFC-C1B6-40E1-B232-7693CBDC161A-scaled-e1711983140755-768x478.jpeg 768w, https:\/\/ferieski.dk\/wp-content\/uploads\/2023\/02\/A51C1EFC-C1B6-40E1-B232-7693CBDC161A-scaled-e1711983140755-1536x957.jpeg 1536w, https:\/\/ferieski.dk\/wp-content\/uploads\/2023\/02\/A51C1EFC-C1B6-40E1-B232-7693CBDC161A-scaled-e1711983140755-2048x1275.jpeg 2048w\" sizes=\"auto, (max-width: 1024px) 100vw, 1024px\" \/><\/figure>\n<\/div>\n\n\n\n<div class=\"wp-block-column is-layout-flow wp-block-column-is-layout-flow\" style=\"flex-basis:66.66%\">\n<figure class=\"wp-block-image size-large is-resized\"><img loading=\"lazy\" decoding=\"async\" width=\"1024\" height=\"698\" src=\"https:\/\/ferieski.dk\/wp-content\/uploads\/2024\/04\/IMG_5750-scaled-e1711982751618-1024x698.jpeg\" alt=\"\" class=\"wp-image-472\" style=\"width:932px;height:auto\" srcset=\"https:\/\/ferieski.dk\/wp-content\/uploads\/2024\/04\/IMG_5750-scaled-e1711982751618-1024x698.jpeg 1024w, https:\/\/ferieski.dk\/wp-content\/uploads\/2024\/04\/IMG_5750-scaled-e1711982751618-300x204.jpeg 300w, https:\/\/ferieski.dk\/wp-content\/uploads\/2024\/04\/IMG_5750-scaled-e1711982751618-768x524.jpeg 768w, https:\/\/ferieski.dk\/wp-content\/uploads\/2024\/04\/IMG_5750-scaled-e1711982751618-1536x1047.jpeg 1536w, https:\/\/ferieski.dk\/wp-content\/uploads\/2024\/04\/IMG_5750-scaled-e1711982751618-2048x1396.jpeg 2048w\" sizes=\"auto, (max-width: 1024px) 100vw, 1024px\" \/><\/figure>\n<\/div>\n<\/div>\n<\/div>\n\n\n\n<p><\/p>\n","protected":false},"excerpt":{"rendered":"<p>F\u00e6lles \u00f8jeblikke og eventyr Fra morgenens f\u00f8rste sving til solens sidste str\u00e5ler over bjerget \u2013 dagen er fyldt med grin, fart og gode stunder. Det er her, minderne skabes. Sjov, grin og masser af leg i sneen \u2013 det er bl.a. det, der g\u00f8r skiferien uforglemmelig! Uanset om man suser ned ad pisterne, stiller op [&hellip;]<\/p>\n","protected":false},"author":1,"featured_media":0,"parent":350,"menu_order":1,"comment_status":"closed","ping_status":"closed","template":"","meta":{"footnotes":""},"class_list":["post-393","page","type-page","status-publish","hentry"],"_links":{"self":[{"href":"https:\/\/ferieski.dk\/index.php\/wp-json\/wp\/v2\/pages\/393","targetHints":{"allow":["GET"]}}],"collection":[{"href":"https:\/\/ferieski.dk\/index.php\/wp-json\/wp\/v2\/pages"}],"about":[{"href":"https:\/\/ferieski.dk\/index.php\/wp-json\/wp\/v2\/types\/page"}],"author":[{"embeddable":true,"href":"https:\/\/ferieski.dk\/index.php\/wp-json\/wp\/v2\/users\/1"}],"replies":[{"embeddable":true,"href":"https:\/\/ferieski.dk\/index.php\/wp-json\/wp\/v2\/comments?post=393"}],"version-history":[{"count":11,"href":"https:\/\/ferieski.dk\/index.php\/wp-json\/wp\/v2\/pages\/393\/revisions"}],"predecessor-version":[{"id":694,"href":"https:\/\/ferieski.dk\/index.php\/wp-json\/wp\/v2\/pages\/393\/revisions\/694"}],"up":[{"embeddable":true,"href":"https:\/\/ferieski.dk\/index.php\/wp-json\/wp\/v2\/pages\/350"}],"wp:attachment":[{"href":"https:\/\/ferieski.dk\/index.php\/wp-json\/wp\/v2\/media?parent=393"}],"curies":[{"name":"wp","href":"https:\/\/api.w.org\/{rel}","templated":true}]}}