{"id":390,"date":"2024-03-31T18:20:47","date_gmt":"2024-03-31T18:20:47","guid":{"rendered":"https:\/\/ferieski.dk\/?page_id=390"},"modified":"2025-11-23T14:49:30","modified_gmt":"2025-11-23T14:49:30","slug":"le-lac-blanc-703-val-thorens","status":"publish","type":"page","link":"https:\/\/ferieski.dk\/index.php\/galleri\/le-lac-blanc-703-val-thorens\/","title":{"rendered":""},"content":{"rendered":"\n<div class=\"wp-block-cover alignfull\" style=\"margin-top:0;padding-top:5vw;padding-right:5vw;padding-bottom:5vw;padding-left:5vw\"><span aria-hidden=\"true\" class=\"wp-block-cover__background has-background-dim-100 has-background-dim has-background-gradient\" style=\"background:linear-gradient(63deg,rgb(40,116,252) 61%,rgb(2,3,129) 61%)\"><\/span><div class=\"wp-block-cover__inner-container is-layout-flow wp-block-cover-is-layout-flow\">\n<div class=\"wp-block-group is-layout-flex wp-container-core-group-is-layout-e4aad5c3 wp-block-group-is-layout-flex\">\n<div class=\"wp-block-group wp-container-content-9cfa9a5a is-layout-flow wp-container-core-group-is-layout-d6743c7d wp-block-group-is-layout-flow\">\n<p class=\"has-text-align-left has-black-color has-text-color\" style=\"font-size:clamp(67.975px, 4.248rem + ((1vw - 3.2px) * 9.094), 148px);font-style:normal;font-weight:700;letter-spacing:-4px;line-height:0.9;text-transform:none\">Le Lac Blanc, <\/p>\n\n\n\n<p class=\"has-text-align-left has-black-color has-text-color\" style=\"font-size:clamp(67.975px, 4.248rem + ((1vw - 3.2px) * 9.094), 148px);font-style:normal;font-weight:700;letter-spacing:-4px;line-height:0.9;text-transform:none\">Val Thorens<\/p>\n\n\n\n<p class=\"has-text-align-left has-white-color has-text-color\" style=\"font-size:clamp(67.975px, 4.248rem + ((1vw - 3.2px) * 9.094), 148px);font-style:normal;font-weight:700;letter-spacing:-4px;line-height:0.9;text-transform:none\">\u2014 her <\/p>\n\n\n\n<p class=\"has-text-align-left has-white-color has-text-color\" style=\"font-size:clamp(67.975px, 4.248rem + ((1vw - 3.2px) * 9.094), 148px);font-style:normal;font-weight:700;letter-spacing:-4px;line-height:0.9;text-transform:none\">skaber du <\/p>\n\n\n\n<p class=\"has-text-align-left has-white-color has-text-color\" style=\"font-size:clamp(67.975px, 4.248rem + ((1vw - 3.2px) * 9.094), 148px);font-style:normal;font-weight:700;letter-spacing:-4px;line-height:0.9;text-transform:none\">minder !<\/p>\n<\/div>\n\n\n\n<div class=\"wp-block-group wp-container-content-5b91cf2b is-vertical is-nowrap is-layout-flex wp-container-core-group-is-layout-82cc2081 wp-block-group-is-layout-flex\">\n<p style=\"font-size:clamp(14px, 0.875rem + ((1vw - 3.2px) * 0.341), 17px);font-style:normal;font-weight:500;letter-spacing:0px;line-height:1.4;text-decoration:none;text-transform:none\">Tag forskud p\u00e5 gl\u00e6derne, se hvad der venter dig i Val Thorens. <\/p>\n\n\n\n<ul class=\"wp-block-list\">\n<li>Sovev\u00e6relser<\/li>\n\n\n\n<li>Badev\u00e6relser<\/li>\n\n\n\n<li>Stue og k\u00f8kken<\/li>\n\n\n\n<li>Udsigten fra altanerne<\/li>\n<\/ul>\n<\/div>\n<\/div>\n<\/div><\/div>\n\n\n\n<div class=\"wp-block-columns alignwide are-vertically-aligned-top is-layout-flex wp-container-core-columns-is-layout-08c01c1c wp-block-columns-is-layout-flex\">\n<div class=\"wp-block-column is-vertically-aligned-top is-layout-flow wp-block-column-is-layout-flow\">\n<div class=\"wp-block-group wp-container-content-231d8afb is-vertical is-content-justification-right is-nowrap is-layout-flex wp-container-core-group-is-layout-c6b5ad1f wp-block-group-is-layout-flex\" style=\"margin-top:0;margin-bottom:0\">\n<figure class=\"wp-block-image size-large wp-container-content-0733e5d0\"><img loading=\"lazy\" decoding=\"async\" width=\"1024\" height=\"768\" src=\"https:\/\/ferieski.dk\/wp-content\/uploads\/2024\/04\/IMG_5761-1-1024x768.jpeg\" alt=\"\" class=\"wp-image-510\" srcset=\"https:\/\/ferieski.dk\/wp-content\/uploads\/2024\/04\/IMG_5761-1-1024x768.jpeg 1024w, https:\/\/ferieski.dk\/wp-content\/uploads\/2024\/04\/IMG_5761-1-300x225.jpeg 300w, https:\/\/ferieski.dk\/wp-content\/uploads\/2024\/04\/IMG_5761-1-768x576.jpeg 768w, https:\/\/ferieski.dk\/wp-content\/uploads\/2024\/04\/IMG_5761-1-1536x1152.jpeg 1536w, https:\/\/ferieski.dk\/wp-content\/uploads\/2024\/04\/IMG_5761-1-2048x1536.jpeg 2048w\" sizes=\"auto, (max-width: 1024px) 100vw, 1024px\" \/><\/figure>\n\n\n\n<figure class=\"wp-block-image size-large is-resized wp-container-content-0733e5d0\"><img loading=\"lazy\" decoding=\"async\" width=\"1024\" height=\"768\" src=\"https:\/\/ferieski.dk\/wp-content\/uploads\/2024\/04\/IMG_4407-1024x768.jpeg\" alt=\"\" class=\"wp-image-511\" style=\"width:460px;height:auto\" srcset=\"https:\/\/ferieski.dk\/wp-content\/uploads\/2024\/04\/IMG_4407-1024x768.jpeg 1024w, https:\/\/ferieski.dk\/wp-content\/uploads\/2024\/04\/IMG_4407-300x225.jpeg 300w, https:\/\/ferieski.dk\/wp-content\/uploads\/2024\/04\/IMG_4407-768x576.jpeg 768w, https:\/\/ferieski.dk\/wp-content\/uploads\/2024\/04\/IMG_4407-1536x1152.jpeg 1536w, https:\/\/ferieski.dk\/wp-content\/uploads\/2024\/04\/IMG_4407-2048x1536.jpeg 2048w\" sizes=\"auto, (max-width: 1024px) 100vw, 1024px\" \/><\/figure>\n<\/div>\n<\/div>\n\n\n\n<div class=\"wp-block-column is-vertically-aligned-top is-layout-flow wp-block-column-is-layout-flow\">\n<div class=\"wp-block-group wp-container-content-231d8afb is-vertical is-layout-flex wp-container-core-group-is-layout-32bc6c2f wp-block-group-is-layout-flex\" style=\"margin-top:0;margin-bottom:0\">\n<div class=\"wp-block-group is-vertical is-nowrap is-layout-flex wp-container-core-group-is-layout-5280e479 wp-block-group-is-layout-flex\" style=\"border-style:none;border-width:0px;border-radius:0px\">\n<div style=\"height:0px\" aria-hidden=\"true\" class=\"wp-block-spacer wp-container-content-f96796aa\"><\/div>\n\n\n\n<p class=\"has-text-align-left has-large-font-size\" style=\"text-transform:uppercase\"><strong>Le Lac Blanc<\/strong><\/p>\n\n\n\n<p class=\"has-medium-font-size\">kort beskrivelse af lejligheden<\/p>\n\n\n\n<p><\/p>\n<\/div>\n\n\n\n<figure class=\"wp-block-image size-large is-resized\" style=\"font-size:14px\"><img loading=\"lazy\" decoding=\"async\" width=\"1024\" height=\"768\" src=\"https:\/\/ferieski.dk\/wp-content\/uploads\/2024\/04\/IMG_5707-1024x768.jpeg\" alt=\"\" class=\"wp-image-470\" style=\"width:567px;height:auto\" srcset=\"https:\/\/ferieski.dk\/wp-content\/uploads\/2024\/04\/IMG_5707-1024x768.jpeg 1024w, https:\/\/ferieski.dk\/wp-content\/uploads\/2024\/04\/IMG_5707-300x225.jpeg 300w, https:\/\/ferieski.dk\/wp-content\/uploads\/2024\/04\/IMG_5707-768x576.jpeg 768w, https:\/\/ferieski.dk\/wp-content\/uploads\/2024\/04\/IMG_5707-1536x1152.jpeg 1536w, https:\/\/ferieski.dk\/wp-content\/uploads\/2024\/04\/IMG_5707-2048x1536.jpeg 2048w\" sizes=\"auto, (max-width: 1024px) 100vw, 1024px\" \/><\/figure>\n<\/div>\n<\/div>\n<\/div>\n\n\n\n<div class=\"wp-block-columns alignwide is-layout-flex wp-container-core-columns-is-layout-28f84493 wp-block-columns-is-layout-flex\">\n<div class=\"wp-block-column is-layout-flow wp-block-column-is-layout-flow\">\n<p class=\"has-large-font-size\" style=\"margin-top:var(--wp--preset--spacing--30);margin-bottom:var(--wp--preset--spacing--30);text-transform:uppercase\">tekst om k\u00f8kkenet og stue<\/p>\n\n\n\n<p>mere tekst om k\u00f8kkenet og stuen<\/p>\n<\/div>\n<\/div>\n\n\n\n<div class=\"wp-block-columns alignfull is-layout-flex wp-container-core-columns-is-layout-28f84493 wp-block-columns-is-layout-flex\">\n<div class=\"wp-block-column is-layout-flow wp-block-column-is-layout-flow\">\n<figure class=\"wp-block-image size-large\"><img loading=\"lazy\" decoding=\"async\" width=\"768\" height=\"1024\" src=\"https:\/\/ferieski.dk\/wp-content\/uploads\/2024\/04\/IMG_5594-768x1024.jpeg\" alt=\"\" class=\"wp-image-505\" srcset=\"https:\/\/ferieski.dk\/wp-content\/uploads\/2024\/04\/IMG_5594-768x1024.jpeg 768w, https:\/\/ferieski.dk\/wp-content\/uploads\/2024\/04\/IMG_5594-225x300.jpeg 225w, https:\/\/ferieski.dk\/wp-content\/uploads\/2024\/04\/IMG_5594-1152x1536.jpeg 1152w, https:\/\/ferieski.dk\/wp-content\/uploads\/2024\/04\/IMG_5594-1536x2048.jpeg 1536w, https:\/\/ferieski.dk\/wp-content\/uploads\/2024\/04\/IMG_5594-scaled.jpeg 1920w\" sizes=\"auto, (max-width: 768px) 100vw, 768px\" \/><\/figure>\n\n\n\n<figure class=\"wp-block-image size-large\"><img loading=\"lazy\" decoding=\"async\" width=\"1024\" height=\"768\" src=\"https:\/\/ferieski.dk\/wp-content\/uploads\/2024\/04\/IMG_5584-1024x768.jpeg\" alt=\"\" class=\"wp-image-500\" srcset=\"https:\/\/ferieski.dk\/wp-content\/uploads\/2024\/04\/IMG_5584-1024x768.jpeg 1024w, https:\/\/ferieski.dk\/wp-content\/uploads\/2024\/04\/IMG_5584-300x225.jpeg 300w, https:\/\/ferieski.dk\/wp-content\/uploads\/2024\/04\/IMG_5584-768x576.jpeg 768w, https:\/\/ferieski.dk\/wp-content\/uploads\/2024\/04\/IMG_5584-1536x1152.jpeg 1536w, https:\/\/ferieski.dk\/wp-content\/uploads\/2024\/04\/IMG_5584-2048x1536.jpeg 2048w\" sizes=\"auto, (max-width: 1024px) 100vw, 1024px\" \/><\/figure>\n<\/div>\n\n\n\n<div class=\"wp-block-column is-layout-flow wp-block-column-is-layout-flow\">\n<p><\/p>\n\n\n\n<figure class=\"wp-block-image size-large is-resized\"><img loading=\"lazy\" decoding=\"async\" width=\"1024\" height=\"768\" src=\"https:\/\/ferieski.dk\/wp-content\/uploads\/2024\/04\/IMG_0309-1024x768.jpeg\" alt=\"\" class=\"wp-image-503\" style=\"width:531px;height:auto\" srcset=\"https:\/\/ferieski.dk\/wp-content\/uploads\/2024\/04\/IMG_0309-1024x768.jpeg 1024w, https:\/\/ferieski.dk\/wp-content\/uploads\/2024\/04\/IMG_0309-300x225.jpeg 300w, https:\/\/ferieski.dk\/wp-content\/uploads\/2024\/04\/IMG_0309-768x576.jpeg 768w, https:\/\/ferieski.dk\/wp-content\/uploads\/2024\/04\/IMG_0309-1536x1152.jpeg 1536w, https:\/\/ferieski.dk\/wp-content\/uploads\/2024\/04\/IMG_0309-2048x1536.jpeg 2048w\" sizes=\"auto, (max-width: 1024px) 100vw, 1024px\" \/><\/figure>\n\n\n\n<figure class=\"wp-block-image size-large\"><img loading=\"lazy\" decoding=\"async\" width=\"768\" height=\"1024\" src=\"https:\/\/ferieski.dk\/wp-content\/uploads\/2024\/04\/IMG_5582-768x1024.jpeg\" alt=\"\" class=\"wp-image-499\" srcset=\"https:\/\/ferieski.dk\/wp-content\/uploads\/2024\/04\/IMG_5582-768x1024.jpeg 768w, https:\/\/ferieski.dk\/wp-content\/uploads\/2024\/04\/IMG_5582-225x300.jpeg 225w, https:\/\/ferieski.dk\/wp-content\/uploads\/2024\/04\/IMG_5582-1152x1536.jpeg 1152w, https:\/\/ferieski.dk\/wp-content\/uploads\/2024\/04\/IMG_5582-1536x2048.jpeg 1536w, https:\/\/ferieski.dk\/wp-content\/uploads\/2024\/04\/IMG_5582-scaled.jpeg 1920w\" sizes=\"auto, (max-width: 768px) 100vw, 768px\" \/><\/figure>\n<\/div>\n\n\n\n<div class=\"wp-block-column is-layout-flow wp-block-column-is-layout-flow\">\n<figure class=\"wp-block-image size-large\"><img loading=\"lazy\" decoding=\"async\" width=\"1024\" height=\"768\" src=\"https:\/\/ferieski.dk\/wp-content\/uploads\/2024\/04\/IMG_5592-1024x768.jpeg\" alt=\"\" class=\"wp-image-504\" srcset=\"https:\/\/ferieski.dk\/wp-content\/uploads\/2024\/04\/IMG_5592-1024x768.jpeg 1024w, https:\/\/ferieski.dk\/wp-content\/uploads\/2024\/04\/IMG_5592-300x225.jpeg 300w, https:\/\/ferieski.dk\/wp-content\/uploads\/2024\/04\/IMG_5592-768x576.jpeg 768w, https:\/\/ferieski.dk\/wp-content\/uploads\/2024\/04\/IMG_5592-1536x1152.jpeg 1536w, https:\/\/ferieski.dk\/wp-content\/uploads\/2024\/04\/IMG_5592-2048x1536.jpeg 2048w\" sizes=\"auto, (max-width: 1024px) 100vw, 1024px\" \/><\/figure>\n\n\n\n<figure class=\"wp-block-image size-large\"><img loading=\"lazy\" decoding=\"async\" width=\"1024\" height=\"926\" src=\"https:\/\/ferieski.dk\/wp-content\/uploads\/2024\/04\/IMG_5585-scaled-e1711988596756-1024x926.jpeg\" alt=\"\" class=\"wp-image-501\" srcset=\"https:\/\/ferieski.dk\/wp-content\/uploads\/2024\/04\/IMG_5585-scaled-e1711988596756-1024x926.jpeg 1024w, https:\/\/ferieski.dk\/wp-content\/uploads\/2024\/04\/IMG_5585-scaled-e1711988596756-300x271.jpeg 300w, https:\/\/ferieski.dk\/wp-content\/uploads\/2024\/04\/IMG_5585-scaled-e1711988596756-768x694.jpeg 768w, https:\/\/ferieski.dk\/wp-content\/uploads\/2024\/04\/IMG_5585-scaled-e1711988596756-1536x1389.jpeg 1536w, https:\/\/ferieski.dk\/wp-content\/uploads\/2024\/04\/IMG_5585-scaled-e1711988596756.jpeg 1920w\" sizes=\"auto, (max-width: 1024px) 100vw, 1024px\" \/><\/figure>\n\n\n\n<figure class=\"wp-block-image size-large\"><img loading=\"lazy\" decoding=\"async\" width=\"1024\" height=\"624\" src=\"https:\/\/ferieski.dk\/wp-content\/uploads\/2024\/04\/IMG_5586-scaled-e1711988667924-1024x624.jpeg\" alt=\"\" class=\"wp-image-502\" srcset=\"https:\/\/ferieski.dk\/wp-content\/uploads\/2024\/04\/IMG_5586-scaled-e1711988667924-1024x624.jpeg 1024w, https:\/\/ferieski.dk\/wp-content\/uploads\/2024\/04\/IMG_5586-scaled-e1711988667924-300x183.jpeg 300w, https:\/\/ferieski.dk\/wp-content\/uploads\/2024\/04\/IMG_5586-scaled-e1711988667924-768x468.jpeg 768w, https:\/\/ferieski.dk\/wp-content\/uploads\/2024\/04\/IMG_5586-scaled-e1711988667924-1536x937.jpeg 1536w, https:\/\/ferieski.dk\/wp-content\/uploads\/2024\/04\/IMG_5586-scaled-e1711988667924-2048x1249.jpeg 2048w\" sizes=\"auto, (max-width: 1024px) 100vw, 1024px\" \/><\/figure>\n<\/div>\n<\/div>\n\n\n\n<div class=\"wp-block-columns alignwide is-layout-flex wp-container-core-columns-is-layout-28f84493 wp-block-columns-is-layout-flex\">\n<div class=\"wp-block-column is-layout-flow wp-block-column-is-layout-flow\">\n<p class=\"has-large-font-size\" style=\"padding-top:var(--wp--preset--spacing--30);padding-bottom:var(--wp--preset--spacing--30);text-transform:uppercase\">tekst om sovev\u00e6relser<\/p>\n<\/div>\n<\/div>\n\n\n\n<div class=\"wp-block-columns alignwide is-layout-flex wp-container-core-columns-is-layout-28f84493 wp-block-columns-is-layout-flex\">\n<div class=\"wp-block-column is-layout-flow wp-block-column-is-layout-flow\">\n<p>mere tekst om sovev\u00e6relser<\/p>\n<\/div>\n<\/div>\n\n\n\n<div class=\"wp-block-columns alignfull is-layout-flex wp-container-core-columns-is-layout-28f84493 wp-block-columns-is-layout-flex\">\n<div class=\"wp-block-column is-layout-flow wp-block-column-is-layout-flow\">\n<figure class=\"wp-block-image size-large\"><img loading=\"lazy\" decoding=\"async\" width=\"1024\" height=\"956\" src=\"https:\/\/ferieski.dk\/wp-content\/uploads\/2024\/04\/IMG_5574-scaled-e1711988852802-1024x956.jpeg\" alt=\"\" class=\"wp-image-489\" srcset=\"https:\/\/ferieski.dk\/wp-content\/uploads\/2024\/04\/IMG_5574-scaled-e1711988852802-1024x956.jpeg 1024w, https:\/\/ferieski.dk\/wp-content\/uploads\/2024\/04\/IMG_5574-scaled-e1711988852802-300x280.jpeg 300w, https:\/\/ferieski.dk\/wp-content\/uploads\/2024\/04\/IMG_5574-scaled-e1711988852802-768x717.jpeg 768w, https:\/\/ferieski.dk\/wp-content\/uploads\/2024\/04\/IMG_5574-scaled-e1711988852802-1536x1434.jpeg 1536w, https:\/\/ferieski.dk\/wp-content\/uploads\/2024\/04\/IMG_5574-scaled-e1711988852802.jpeg 1920w\" sizes=\"auto, (max-width: 1024px) 100vw, 1024px\" \/><\/figure>\n\n\n\n<p style=\"padding-right:var(--wp--preset--spacing--30);padding-left:var(--wp--preset--spacing--30)\">Tekst om sovev\u00e6relse bl\u00e5t<\/p>\n\n\n\n<p style=\"padding-right:var(--wp--preset--spacing--30);padding-left:var(--wp--preset--spacing--30)\">Tekst om sovev\u00e6relse gr\u00f8nt<\/p>\n\n\n\n<figure class=\"wp-block-image size-large\"><img loading=\"lazy\" decoding=\"async\" width=\"1024\" height=\"723\" src=\"https:\/\/ferieski.dk\/wp-content\/uploads\/2024\/04\/IMG_0284-scaled-e1711988993256-1024x723.jpeg\" alt=\"\" class=\"wp-image-491\" srcset=\"https:\/\/ferieski.dk\/wp-content\/uploads\/2024\/04\/IMG_0284-scaled-e1711988993256-1024x723.jpeg 1024w, https:\/\/ferieski.dk\/wp-content\/uploads\/2024\/04\/IMG_0284-scaled-e1711988993256-300x212.jpeg 300w, https:\/\/ferieski.dk\/wp-content\/uploads\/2024\/04\/IMG_0284-scaled-e1711988993256-768x543.jpeg 768w, https:\/\/ferieski.dk\/wp-content\/uploads\/2024\/04\/IMG_0284-scaled-e1711988993256-1536x1085.jpeg 1536w, https:\/\/ferieski.dk\/wp-content\/uploads\/2024\/04\/IMG_0284-scaled-e1711988993256-2048x1447.jpeg 2048w\" sizes=\"auto, (max-width: 1024px) 100vw, 1024px\" \/><\/figure>\n<\/div>\n\n\n\n<div class=\"wp-block-column is-layout-flow wp-block-column-is-layout-flow\">\n<figure class=\"wp-block-image size-large\"><img loading=\"lazy\" decoding=\"async\" width=\"1024\" height=\"800\" src=\"https:\/\/ferieski.dk\/wp-content\/uploads\/2024\/04\/IMG_0280-scaled-e1711988870482-1024x800.jpeg\" alt=\"\" class=\"wp-image-490\" srcset=\"https:\/\/ferieski.dk\/wp-content\/uploads\/2024\/04\/IMG_0280-scaled-e1711988870482-1024x800.jpeg 1024w, https:\/\/ferieski.dk\/wp-content\/uploads\/2024\/04\/IMG_0280-scaled-e1711988870482-300x234.jpeg 300w, https:\/\/ferieski.dk\/wp-content\/uploads\/2024\/04\/IMG_0280-scaled-e1711988870482-768x600.jpeg 768w, https:\/\/ferieski.dk\/wp-content\/uploads\/2024\/04\/IMG_0280-scaled-e1711988870482-1536x1200.jpeg 1536w, https:\/\/ferieski.dk\/wp-content\/uploads\/2024\/04\/IMG_0280-scaled-e1711988870482-2048x1600.jpeg 2048w\" sizes=\"auto, (max-width: 1024px) 100vw, 1024px\" \/><\/figure>\n\n\n\n<figure class=\"wp-block-image size-large\"><img loading=\"lazy\" decoding=\"async\" width=\"743\" height=\"1024\" src=\"https:\/\/ferieski.dk\/wp-content\/uploads\/2024\/04\/IMG_5578-scaled-e1711988971683-743x1024.jpeg\" alt=\"\" class=\"wp-image-492\" srcset=\"https:\/\/ferieski.dk\/wp-content\/uploads\/2024\/04\/IMG_5578-scaled-e1711988971683-743x1024.jpeg 743w, https:\/\/ferieski.dk\/wp-content\/uploads\/2024\/04\/IMG_5578-scaled-e1711988971683-218x300.jpeg 218w, https:\/\/ferieski.dk\/wp-content\/uploads\/2024\/04\/IMG_5578-scaled-e1711988971683-768x1058.jpeg 768w, https:\/\/ferieski.dk\/wp-content\/uploads\/2024\/04\/IMG_5578-scaled-e1711988971683-1115x1536.jpeg 1115w, https:\/\/ferieski.dk\/wp-content\/uploads\/2024\/04\/IMG_5578-scaled-e1711988971683-1486x2048.jpeg 1486w, https:\/\/ferieski.dk\/wp-content\/uploads\/2024\/04\/IMG_5578-scaled-e1711988971683.jpeg 1693w\" sizes=\"auto, (max-width: 743px) 100vw, 743px\" \/><\/figure>\n<\/div>\n\n\n\n<div class=\"wp-block-column is-layout-flow wp-block-column-is-layout-flow\">\n<figure class=\"wp-block-image size-large\"><img loading=\"lazy\" decoding=\"async\" width=\"855\" height=\"1024\" src=\"https:\/\/ferieski.dk\/wp-content\/uploads\/2024\/04\/IMG_0285-scaled-e1711988948324-855x1024.jpeg\" alt=\"\" class=\"wp-image-493\" srcset=\"https:\/\/ferieski.dk\/wp-content\/uploads\/2024\/04\/IMG_0285-scaled-e1711988948324-855x1024.jpeg 855w, https:\/\/ferieski.dk\/wp-content\/uploads\/2024\/04\/IMG_0285-scaled-e1711988948324-251x300.jpeg 251w, https:\/\/ferieski.dk\/wp-content\/uploads\/2024\/04\/IMG_0285-scaled-e1711988948324-768x919.jpeg 768w, https:\/\/ferieski.dk\/wp-content\/uploads\/2024\/04\/IMG_0285-scaled-e1711988948324-1283x1536.jpeg 1283w, https:\/\/ferieski.dk\/wp-content\/uploads\/2024\/04\/IMG_0285-scaled-e1711988948324.jpeg 1604w\" sizes=\"auto, (max-width: 855px) 100vw, 855px\" \/><\/figure>\n\n\n\n<figure class=\"wp-block-image size-large\"><img loading=\"lazy\" decoding=\"async\" width=\"1024\" height=\"757\" src=\"https:\/\/ferieski.dk\/wp-content\/uploads\/2024\/04\/IMG_0286-scaled-e1711989203421-1024x757.jpeg\" alt=\"\" class=\"wp-image-513\" srcset=\"https:\/\/ferieski.dk\/wp-content\/uploads\/2024\/04\/IMG_0286-scaled-e1711989203421-1024x757.jpeg 1024w, https:\/\/ferieski.dk\/wp-content\/uploads\/2024\/04\/IMG_0286-scaled-e1711989203421-300x222.jpeg 300w, https:\/\/ferieski.dk\/wp-content\/uploads\/2024\/04\/IMG_0286-scaled-e1711989203421-768x568.jpeg 768w, https:\/\/ferieski.dk\/wp-content\/uploads\/2024\/04\/IMG_0286-scaled-e1711989203421-1536x1135.jpeg 1536w, https:\/\/ferieski.dk\/wp-content\/uploads\/2024\/04\/IMG_0286-scaled-e1711989203421-2048x1514.jpeg 2048w\" sizes=\"auto, (max-width: 1024px) 100vw, 1024px\" \/><\/figure>\n\n\n\n<p style=\"padding-right:0;padding-left:0\">Beskrivelse af hvad man ser p\u00e5 billedet for oven<\/p>\n<\/div>\n<\/div>\n\n\n\n<div class=\"wp-block-columns alignwide is-layout-flex wp-container-core-columns-is-layout-28f84493 wp-block-columns-is-layout-flex\">\n<div class=\"wp-block-column is-layout-flow wp-block-column-is-layout-flow\">\n<p class=\"has-large-font-size\" style=\"margin-top:var(--wp--preset--spacing--30);margin-bottom:var(--wp--preset--spacing--30);text-transform:uppercase\">Tekst om badev\u00e6relser<\/p>\n\n\n\n<p>Overordnet tekst om badev\u00e6relset<\/p>\n<\/div>\n<\/div>\n\n\n\n<div class=\"wp-block-columns alignfull is-layout-flex wp-container-core-columns-is-layout-28f84493 wp-block-columns-is-layout-flex\">\n<div class=\"wp-block-column is-layout-flow wp-block-column-is-layout-flow\">\n<figure class=\"wp-block-image size-large\"><img loading=\"lazy\" decoding=\"async\" width=\"748\" height=\"1024\" src=\"https:\/\/ferieski.dk\/wp-content\/uploads\/2024\/04\/IMG_0298-scaled-e1711989428590-748x1024.jpeg\" alt=\"\" class=\"wp-image-498\" srcset=\"https:\/\/ferieski.dk\/wp-content\/uploads\/2024\/04\/IMG_0298-scaled-e1711989428590-748x1024.jpeg 748w, https:\/\/ferieski.dk\/wp-content\/uploads\/2024\/04\/IMG_0298-scaled-e1711989428590-219x300.jpeg 219w, https:\/\/ferieski.dk\/wp-content\/uploads\/2024\/04\/IMG_0298-scaled-e1711989428590-768x1051.jpeg 768w, https:\/\/ferieski.dk\/wp-content\/uploads\/2024\/04\/IMG_0298-scaled-e1711989428590-1122x1536.jpeg 1122w, https:\/\/ferieski.dk\/wp-content\/uploads\/2024\/04\/IMG_0298-scaled-e1711989428590-1496x2048.jpeg 1496w, https:\/\/ferieski.dk\/wp-content\/uploads\/2024\/04\/IMG_0298-scaled-e1711989428590.jpeg 1664w\" sizes=\"auto, (max-width: 748px) 100vw, 748px\" \/><\/figure>\n\n\n\n<figure class=\"wp-block-image aligncenter size-large is-resized\"><img loading=\"lazy\" decoding=\"async\" width=\"970\" height=\"1024\" src=\"https:\/\/ferieski.dk\/wp-content\/uploads\/2024\/04\/IMG_0299-scaled-e1711989518706-970x1024.jpeg\" alt=\"\" class=\"wp-image-497\" style=\"width:440px;height:auto\" srcset=\"https:\/\/ferieski.dk\/wp-content\/uploads\/2024\/04\/IMG_0299-scaled-e1711989518706-970x1024.jpeg 970w, https:\/\/ferieski.dk\/wp-content\/uploads\/2024\/04\/IMG_0299-scaled-e1711989518706-284x300.jpeg 284w, https:\/\/ferieski.dk\/wp-content\/uploads\/2024\/04\/IMG_0299-scaled-e1711989518706-768x811.jpeg 768w, https:\/\/ferieski.dk\/wp-content\/uploads\/2024\/04\/IMG_0299-scaled-e1711989518706-1455x1536.jpeg 1455w, https:\/\/ferieski.dk\/wp-content\/uploads\/2024\/04\/IMG_0299-scaled-e1711989518706.jpeg 1919w\" sizes=\"auto, (max-width: 970px) 100vw, 970px\" \/><\/figure>\n<\/div>\n\n\n\n<div class=\"wp-block-column is-layout-flow wp-block-column-is-layout-flow\">\n<p>Tekst <\/p>\n\n\n\n<figure class=\"wp-block-image size-large\"><img loading=\"lazy\" decoding=\"async\" width=\"892\" height=\"1024\" src=\"https:\/\/ferieski.dk\/wp-content\/uploads\/2024\/04\/IMG_0292-scaled-e1711989638427-892x1024.jpeg\" alt=\"\" class=\"wp-image-494\" srcset=\"https:\/\/ferieski.dk\/wp-content\/uploads\/2024\/04\/IMG_0292-scaled-e1711989638427-892x1024.jpeg 892w, https:\/\/ferieski.dk\/wp-content\/uploads\/2024\/04\/IMG_0292-scaled-e1711989638427-261x300.jpeg 261w, https:\/\/ferieski.dk\/wp-content\/uploads\/2024\/04\/IMG_0292-scaled-e1711989638427-768x882.jpeg 768w, https:\/\/ferieski.dk\/wp-content\/uploads\/2024\/04\/IMG_0292-scaled-e1711989638427-1337x1536.jpeg 1337w, https:\/\/ferieski.dk\/wp-content\/uploads\/2024\/04\/IMG_0292-scaled-e1711989638427-1783x2048.jpeg 1783w, https:\/\/ferieski.dk\/wp-content\/uploads\/2024\/04\/IMG_0292-scaled-e1711989638427.jpeg 1920w\" sizes=\"auto, (max-width: 892px) 100vw, 892px\" \/><\/figure>\n\n\n\n<figure class=\"wp-block-image aligncenter size-large is-resized\"><img loading=\"lazy\" decoding=\"async\" width=\"1009\" height=\"1024\" src=\"https:\/\/ferieski.dk\/wp-content\/uploads\/2024\/04\/IMG_0300-scaled-e1711989679514-1009x1024.jpeg\" alt=\"\" class=\"wp-image-514\" style=\"width:433px;height:auto\" srcset=\"https:\/\/ferieski.dk\/wp-content\/uploads\/2024\/04\/IMG_0300-scaled-e1711989679514-1009x1024.jpeg 1009w, https:\/\/ferieski.dk\/wp-content\/uploads\/2024\/04\/IMG_0300-scaled-e1711989679514-296x300.jpeg 296w, https:\/\/ferieski.dk\/wp-content\/uploads\/2024\/04\/IMG_0300-scaled-e1711989679514-768x780.jpeg 768w, https:\/\/ferieski.dk\/wp-content\/uploads\/2024\/04\/IMG_0300-scaled-e1711989679514-1513x1536.jpeg 1513w, https:\/\/ferieski.dk\/wp-content\/uploads\/2024\/04\/IMG_0300-scaled-e1711989679514.jpeg 1920w\" sizes=\"auto, (max-width: 1009px) 100vw, 1009px\" \/><\/figure>\n<\/div>\n\n\n\n<div class=\"wp-block-column is-layout-flow wp-block-column-is-layout-flow\">\n<figure class=\"wp-block-image size-large\"><img loading=\"lazy\" decoding=\"async\" width=\"729\" height=\"1024\" src=\"https:\/\/ferieski.dk\/wp-content\/uploads\/2024\/04\/IMG_0293-scaled-e1711989605731-729x1024.jpeg\" alt=\"\" class=\"wp-image-495\" srcset=\"https:\/\/ferieski.dk\/wp-content\/uploads\/2024\/04\/IMG_0293-scaled-e1711989605731-729x1024.jpeg 729w, https:\/\/ferieski.dk\/wp-content\/uploads\/2024\/04\/IMG_0293-scaled-e1711989605731-214x300.jpeg 214w, https:\/\/ferieski.dk\/wp-content\/uploads\/2024\/04\/IMG_0293-scaled-e1711989605731-768x1079.jpeg 768w, https:\/\/ferieski.dk\/wp-content\/uploads\/2024\/04\/IMG_0293-scaled-e1711989605731-1094x1536.jpeg 1094w, https:\/\/ferieski.dk\/wp-content\/uploads\/2024\/04\/IMG_0293-scaled-e1711989605731-1458x2048.jpeg 1458w, https:\/\/ferieski.dk\/wp-content\/uploads\/2024\/04\/IMG_0293-scaled-e1711989605731.jpeg 1582w\" sizes=\"auto, (max-width: 729px) 100vw, 729px\" \/><\/figure>\n\n\n\n<p>Tekst <\/p>\n<\/div>\n<\/div>\n","protected":false},"excerpt":{"rendered":"<p>Le Lac Blanc kort beskrivelse af lejligheden tekst om k\u00f8kkenet og stue mere tekst om k\u00f8kkenet og stuen tekst om sovev\u00e6relser mere tekst om sovev\u00e6relser Tekst om sovev\u00e6relse bl\u00e5t Tekst om sovev\u00e6relse gr\u00f8nt Beskrivelse af hvad man ser p\u00e5 billedet for oven Tekst om badev\u00e6relser Overordnet tekst om badev\u00e6relset Tekst Tekst<\/p>\n","protected":false},"author":1,"featured_media":0,"parent":350,"menu_order":3,"comment_status":"closed","ping_status":"closed","template":"","meta":{"footnotes":""},"class_list":["post-390","page","type-page","status-publish","hentry"],"_links":{"self":[{"href":"https:\/\/ferieski.dk\/index.php\/wp-json\/wp\/v2\/pages\/390","targetHints":{"allow":["GET"]}}],"collection":[{"href":"https:\/\/ferieski.dk\/index.php\/wp-json\/wp\/v2\/pages"}],"about":[{"href":"https:\/\/ferieski.dk\/index.php\/wp-json\/wp\/v2\/types\/page"}],"author":[{"embeddable":true,"href":"https:\/\/ferieski.dk\/index.php\/wp-json\/wp\/v2\/users\/1"}],"replies":[{"embeddable":true,"href":"https:\/\/ferieski.dk\/index.php\/wp-json\/wp\/v2\/comments?post=390"}],"version-history":[{"count":15,"href":"https:\/\/ferieski.dk\/index.php\/wp-json\/wp\/v2\/pages\/390\/revisions"}],"predecessor-version":[{"id":696,"href":"https:\/\/ferieski.dk\/index.php\/wp-json\/wp\/v2\/pages\/390\/revisions\/696"}],"up":[{"embeddable":true,"href":"https:\/\/ferieski.dk\/index.php\/wp-json\/wp\/v2\/pages\/350"}],"wp:attachment":[{"href":"https:\/\/ferieski.dk\/index.php\/wp-json\/wp\/v2\/media?parent=390"}],"curies":[{"name":"wp","href":"https:\/\/api.w.org\/{rel}","templated":true}]}}