{"id":350,"date":"2023-03-03T20:37:32","date_gmt":"2023-03-03T20:37:32","guid":{"rendered":"https:\/\/ferieski.dk\/?page_id=350"},"modified":"2025-11-23T14:51:13","modified_gmt":"2025-11-23T14:51:13","slug":"galleri","status":"publish","type":"page","link":"https:\/\/ferieski.dk\/index.php\/galleri\/","title":{"rendered":""},"content":{"rendered":"\n<div class=\"wp-block-cover alignfull is-light has-black-color has-text-color\" style=\"margin-top:0;padding-top:48px;padding-right:48px;padding-bottom:48px;padding-left:48px;min-height:608px;aspect-ratio:unset;\"><img decoding=\"async\" class=\"wp-block-cover__image-background wp-image-56\" alt=\"\" src=\"https:\/\/ferieski.dk\/wp-content\/uploads\/2023\/02\/231D36EA-3337-4589-B215-B7240B5F1FC6-scaled.jpeg\" style=\"object-position:52% 37%\" data-object-fit=\"cover\" data-object-position=\"52% 37%\"\/><span aria-hidden=\"true\" class=\"wp-block-cover__background has-base-background-color has-background-dim-40 has-background-dim\"><\/span><div class=\"wp-block-cover__inner-container is-layout-flow wp-block-cover-is-layout-flow\">\n<div class=\"wp-block-group has-global-padding is-layout-constrained wp-container-core-group-is-layout-0d0eaeb0 wp-block-group-is-layout-constrained\">\n<p class=\"has-text-align-left has-black-color has-text-color\" style=\"font-size:clamp(3.426rem, 3.426rem + ((1vw - 0.2rem) * 6.498), 7rem);font-style:normal;font-weight:700;letter-spacing:-2px;line-height:0.9;text-transform:uppercase\">p\u00e5 eventyr<\/p>\n\n\n\n<p class=\"has-text-align-right has-black-color has-text-color\" style=\"margin-right:295px;margin-left:295px;font-size:clamp(3.426rem, 3.426rem + ((1vw - 0.2rem) * 6.498), 7rem);font-style:normal;font-weight:700;letter-spacing:-2px;line-height:0.9;text-transform:uppercase\">i val Thorens <\/p>\n\n\n\n<p class=\"has-text-align-left has-black-color has-text-color\" style=\"font-size:clamp(3.426rem, 3.426rem + ((1vw - 0.2rem) * 6.498), 7rem);font-style:normal;font-weight:700;letter-spacing:-2px;line-height:0.9;text-transform:uppercase\">og de 3 dale<\/p>\n\n\n\n<p class=\"has-text-align-right has-contrast-color has-text-color\" style=\"font-size:clamp(2.2rem, 2.2rem + ((1vw - 0.2rem) * 3.273), 4rem);font-style:italic;font-weight:200;letter-spacing:0px;line-height:0.9;text-transform:uppercase\"><em>ski, natur og solskin<\/em><\/p>\n<\/div>\n<\/div><\/div>\n\n\n\n<div class=\"wp-block-group alignwide has-global-padding is-layout-constrained wp-block-group-is-layout-constrained\">\n<div class=\"wp-block-columns alignwide are-vertically-aligned-top is-layout-flex wp-container-core-columns-is-layout-1146dd41 wp-block-columns-is-layout-flex\" style=\"border-style:none;border-width:0px;border-radius:0px;padding-right:0;padding-left:0\">\n<div class=\"wp-block-column is-vertically-aligned-top has-text-color has-background has-link-color wp-elements-f7c642e0bc8f8b91b7350bb1d75b98f2 is-layout-flow wp-block-column-is-layout-flow\" style=\"color:#000000;background-color:#a9e6ed;padding-top:2em;padding-right:2em;padding-bottom:2em;padding-left:2em\">\n<h2 class=\"wp-block-heading\" id=\"family\" style=\"font-size:clamp(24.034px, 1.502rem + ((1vw - 3.2px) * 1.814), 40px);\">Livet p\u00e5 de snekl\u00e6dte pister<\/h2>\n\n\n\n<p class=\"has-normal-font-size\" style=\"line-height:1.5\">Skil\u00f8b i de franske alper og smukke panoramabilleder af snekl\u00e6dte bjerge.<\/p>\n\n\n\n<hr class=\"wp-block-separator has-css-opacity is-style-wide\"\/>\n\n\n\n<ul class=\"wp-block-list has-normal-font-size\">\n<li>Snekl\u00e6dte bjerge<\/li>\n\n\n\n<li>Glade skil\u00f8bere<\/li>\n\n\n\n<li>Smukke omgivelser<\/li>\n\n\n\n<li>F\u00f8lelsen af frihed<\/li>\n<\/ul>\n\n\n\n<div class=\"wp-block-buttons alignfull is-horizontal is-content-justification-center is-layout-flex wp-container-core-buttons-is-layout-03627597 wp-block-buttons-is-layout-flex\">\n<div class=\"wp-block-button has-custom-width wp-block-button__width-100 is-style-fill\"><a class=\"wp-block-button__link has-white-color has-text-color has-background no-border-radius wp-element-button\" href=\"https:\/\/ferieski.dk\/?page_id=393\" style=\"background-color:#000000\">Se billeder<\/a><\/div>\n<\/div>\n<\/div>\n\n\n\n<div class=\"wp-block-column is-vertically-aligned-top has-text-color has-background has-link-color wp-elements-3d7165a0643b43d4689ba07e7472cbac is-layout-flow wp-block-column-is-layout-flow\" style=\"color:#000000;background-color:#8bdd8e;padding-top:2em;padding-right:2em;padding-bottom:2em;padding-left:2em\">\n<h2 class=\"wp-block-heading\" id=\"single\" style=\"font-size:clamp(24.034px, 1.502rem + ((1vw - 3.2px) * 1.814), 40px);\">Sommerens aktive oplevelser<\/h2>\n\n\n\n<p class=\"has-normal-font-size\" style=\"line-height:1.5\">Oplev de smukke vandreruter i de franske alper, eller sl\u00e5 dig l\u00f8s og pr\u00f8v et stort udvalg af forskellige aktiviteter.<\/p>\n\n\n\n<hr class=\"wp-block-separator has-text-color has-css-opacity has-background is-style-wide\" style=\"background-color:#000000;color:#000000\"\/>\n\n\n\n<ul class=\"wp-block-list has-normal-font-size\">\n<li>Vandreruter for alle niveauer<\/li>\n\n\n\n<li>Sport og sp\u00e6nding<\/li>\n\n\n\n<li>Wellness <\/li>\n\n\n\n<li>Naturoplevelser helt t\u00e6t p\u00e5<\/li>\n<\/ul>\n\n\n\n<div class=\"wp-block-buttons alignfull is-horizontal is-content-justification-center is-layout-flex wp-container-core-buttons-is-layout-03627597 wp-block-buttons-is-layout-flex\">\n<div class=\"wp-block-button has-custom-width wp-block-button__width-100\"><a class=\"wp-block-button__link has-white-color has-text-color has-background no-border-radius wp-element-button\" href=\"https:\/\/ferieski.dk\/index.php\/vandreture-og-aktiviteter\/\" style=\"background-color:#000000\">Se billeder<\/a><\/div>\n<\/div>\n<\/div>\n<\/div>\n\n\n\n<div class=\"wp-block-columns alignwide are-vertically-aligned-top is-layout-flex wp-container-core-columns-is-layout-1146dd41 wp-block-columns-is-layout-flex\" style=\"border-style:none;border-width:0px;border-radius:0px;padding-right:0;padding-left:0\">\n<div class=\"wp-block-column is-vertically-aligned-top has-text-color has-background has-link-color wp-elements-7bc5559c23fff9cdddd524c1f886d160 is-layout-flow wp-block-column-is-layout-flow\" style=\"color:#000000;background-color:#fde987;padding-top:2em;padding-right:2em;padding-bottom:2em;padding-left:2em\">\n<h2 class=\"wp-block-heading\" id=\"single\" style=\"font-size:clamp(24.034px, 1.502rem + ((1vw - 3.2px) * 1.814), 40px);\">Le Lac Blanc, Val Thorens<\/h2>\n\n\n\n<p class=\"has-normal-font-size\" style=\"line-height:1.5\">Tag forskud p\u00e5 gl\u00e6derne, se hvad lejligheden har at byde p\u00e5, n\u00e5r du er ankommet til Val Thorens.<\/p>\n\n\n\n<hr class=\"wp-block-separator has-text-color has-css-opacity has-background is-style-wide\" style=\"background-color:#000000;color:#000000\"\/>\n\n\n\n<ul class=\"wp-block-list has-normal-font-size\">\n<li>Sovev\u00e6relser<\/li>\n\n\n\n<li>Badev\u00e6relser<\/li>\n\n\n\n<li>Stue og k\u00f8kken<\/li>\n\n\n\n<li>Udsigten fra altanerne<\/li>\n<\/ul>\n\n\n\n<div class=\"wp-block-buttons alignfull is-horizontal is-content-justification-center is-layout-flex wp-container-core-buttons-is-layout-03627597 wp-block-buttons-is-layout-flex\">\n<div class=\"wp-block-button has-custom-width wp-block-button__width-100\"><a class=\"wp-block-button__link has-white-color has-text-color has-background no-border-radius wp-element-button\" href=\"https:\/\/ferieski.dk\/?page_id=390\" style=\"background-color:#000000\">Se billeder<\/a><\/div>\n<\/div>\n<\/div>\n\n\n\n<div class=\"wp-block-column is-vertically-aligned-top has-text-color has-background has-link-color wp-elements-974cf400977c65a63bc4bd6154b73d66 is-layout-flow wp-block-column-is-layout-flow\" style=\"color:#000000;background-color:#ffb987;padding-top:2em;padding-right:2em;padding-bottom:2em;padding-left:2em\">\n<h2 class=\"wp-block-heading\" id=\"patron\" style=\"font-size:clamp(24.034px, 1.502rem + ((1vw - 3.2px) * 1.814), 40px);\">Restauranter og oplevelser<\/h2>\n\n\n\n<p class=\"has-normal-font-size\">F\u00e5 et indblik i de franske &#8216;must visit&#8217; restauranter, i byen og p\u00e5 pisterne.<\/p>\n\n\n\n<hr class=\"wp-block-separator has-css-opacity is-style-wide\"\/>\n\n\n\n<ul class=\"wp-block-list has-normal-font-size\">\n<li>Vieille Creperie<\/li>\n\n\n\n<li>La Loy<\/li>\n\n\n\n<li>Les Explorateurs<\/li>\n\n\n\n<li>De lokale markeder<\/li>\n<\/ul>\n\n\n\n<div class=\"wp-block-buttons alignfull is-horizontal is-content-justification-center is-layout-flex wp-container-core-buttons-is-layout-03627597 wp-block-buttons-is-layout-flex\">\n<div class=\"wp-block-button has-custom-width wp-block-button__width-100\"><a class=\"wp-block-button__link has-white-color has-text-color has-background no-border-radius wp-element-button\" href=\"https:\/\/ferieski.dk\/?page_id=395\" style=\"background-color:#000000\">Se billeder<\/a><\/div>\n<\/div>\n<\/div>\n<\/div>\n<\/div>\n\n\n\n<p><\/p>\n","protected":false},"excerpt":{"rendered":"<p>Livet p\u00e5 de snekl\u00e6dte pister Skil\u00f8b i de franske alper og smukke panoramabilleder af snekl\u00e6dte bjerge. Sommerens aktive oplevelser Oplev de smukke vandreruter i de franske alper, eller sl\u00e5 dig l\u00f8s og pr\u00f8v et stort udvalg af forskellige aktiviteter. Le Lac Blanc, Val Thorens Tag forskud p\u00e5 gl\u00e6derne, se hvad lejligheden har at byde p\u00e5, [&hellip;]<\/p>\n","protected":false},"author":1,"featured_media":0,"parent":0,"menu_order":0,"comment_status":"closed","ping_status":"closed","template":"","meta":{"footnotes":""},"class_list":["post-350","page","type-page","status-publish","hentry"],"_links":{"self":[{"href":"https:\/\/ferieski.dk\/index.php\/wp-json\/wp\/v2\/pages\/350","targetHints":{"allow":["GET"]}}],"collection":[{"href":"https:\/\/ferieski.dk\/index.php\/wp-json\/wp\/v2\/pages"}],"about":[{"href":"https:\/\/ferieski.dk\/index.php\/wp-json\/wp\/v2\/types\/page"}],"author":[{"embeddable":true,"href":"https:\/\/ferieski.dk\/index.php\/wp-json\/wp\/v2\/users\/1"}],"replies":[{"embeddable":true,"href":"https:\/\/ferieski.dk\/index.php\/wp-json\/wp\/v2\/comments?post=350"}],"version-history":[{"count":23,"href":"https:\/\/ferieski.dk\/index.php\/wp-json\/wp\/v2\/pages\/350\/revisions"}],"predecessor-version":[{"id":699,"href":"https:\/\/ferieski.dk\/index.php\/wp-json\/wp\/v2\/pages\/350\/revisions\/699"}],"wp:attachment":[{"href":"https:\/\/ferieski.dk\/index.php\/wp-json\/wp\/v2\/media?parent=350"}],"curies":[{"name":"wp","href":"https:\/\/api.w.org\/{rel}","templated":true}]}}