{"id":339,"date":"2023-03-03T19:46:54","date_gmt":"2023-03-03T19:46:54","guid":{"rendered":"https:\/\/ferieski.dk\/?page_id=339"},"modified":"2025-11-23T14:49:40","modified_gmt":"2025-11-23T14:49:40","slug":"om-os","status":"publish","type":"page","link":"https:\/\/ferieski.dk\/index.php\/om-os\/","title":{"rendered":""},"content":{"rendered":"\n<div class=\"wp-block-media-text alignfull has-media-on-the-right is-stacked-on-mobile is-vertically-aligned-center is-style-default\" style=\"grid-template-columns:auto 56%\"><div class=\"wp-block-media-text__content\">\n<h2 class=\"wp-block-heading has-text-color\" style=\"color:#000000\"><strong>Om os<\/strong><\/h2>\n\n\n\n<p>Lejligheden i Le Lac Blanch har v\u00e6ret en del af de Bang familien siden 1986.\u00a0Niels de Bang k\u00f8bte lejligheden og ca et \u00e5rti efter fik han sin yngste s\u00f8n, Christian de Bang med i k\u00f8bet. <\/p>\n\n\n\n<p>i 2019 opk\u00f8bte Christian, og hans kone Majbritt, lejligheden af Niels, da han \u00f8nskede at skille sig af med den.\u00a0<\/p>\n\n\n\n<p>Efter opk\u00f8bet gennemgik lejligheden en st\u00f8rre renovering. Der blev bl.a. lagt nye gulve i hele lejligheden, v\u00e6ggene i sovev\u00e6relserne er blevet malet og begge badev\u00e6relser har f\u00e5et en gennemgribende opgradering.<\/p>\n\n\n\n<p class=\"has-contrast-color has-text-color has-link-color wp-elements-10225f2a575c43c27ed1eea78ce0ce36\">Billeder af lejligheden kan ses her: <a href=\"https:\/\/ferieski.dk\/wp-admin\/post.php?post=390&amp;action=edit\">Le Lac Blanc<\/a><\/p>\n<\/div><figure class=\"wp-block-media-text__media\"><img loading=\"lazy\" decoding=\"async\" width=\"1024\" height=\"768\" src=\"https:\/\/ferieski.dk\/wp-content\/uploads\/2023\/02\/A8B17A47-92F8-48EE-A2E4-92F4FE828E28-1024x768.jpeg\" alt=\"\" class=\"wp-image-50 size-full\" srcset=\"https:\/\/ferieski.dk\/wp-content\/uploads\/2023\/02\/A8B17A47-92F8-48EE-A2E4-92F4FE828E28-1024x768.jpeg 1024w, https:\/\/ferieski.dk\/wp-content\/uploads\/2023\/02\/A8B17A47-92F8-48EE-A2E4-92F4FE828E28-300x225.jpeg 300w, https:\/\/ferieski.dk\/wp-content\/uploads\/2023\/02\/A8B17A47-92F8-48EE-A2E4-92F4FE828E28-768x576.jpeg 768w, https:\/\/ferieski.dk\/wp-content\/uploads\/2023\/02\/A8B17A47-92F8-48EE-A2E4-92F4FE828E28-1536x1152.jpeg 1536w, https:\/\/ferieski.dk\/wp-content\/uploads\/2023\/02\/A8B17A47-92F8-48EE-A2E4-92F4FE828E28-2048x1536.jpeg 2048w\" sizes=\"auto, (max-width: 1024px) 100vw, 1024px\" \/><\/figure><\/div>\n\n\n\n<div class=\"wp-block-group alignfull has-background is-layout-flow wp-block-group-is-layout-flow\" style=\"background-color:#ddf4ff\">\n<div style=\"height:33px\" aria-hidden=\"true\" class=\"wp-block-spacer\"><\/div>\n\n\n\n<div class=\"wp-block-columns alignwide is-layout-flex wp-container-core-columns-is-layout-28f84493 wp-block-columns-is-layout-flex\">\n<div class=\"wp-block-column is-vertically-aligned-top is-layout-flow wp-block-column-is-layout-flow\">\n<p class=\"has-large-font-size\" style=\"padding-top:0;padding-right:var(--wp--preset--spacing--40);padding-bottom:0;padding-left:var(--wp--preset--spacing--40);text-transform:uppercase\">Gamle traditioner bliver til nye<\/p>\n\n\n\n<p style=\"margin-top:var(--wp--preset--spacing--30);margin-right:0;margin-bottom:var(--wp--preset--spacing--30);margin-left:0;padding-right:var(--wp--preset--spacing--40);padding-left:var(--wp--preset--spacing--40)\">Da Majbritt og Christian fik deres to d\u00f8tre, Sofie og Emilie, tog de p\u00e5 skiferie til Le Lac Blanc i to uger. Dengang k\u00f8rte de hele vejen i bil til lejligheden. Nu har tiderne (heldigvis) \u00e6ndret sig og i dag tager de flyet. Desv\u00e6rre er skiferien ogs\u00e5 blevet forkortet til en uge.<\/p>\n\n\n\n<p style=\"margin-right:0;margin-left:0;padding-right:var(--wp--preset--spacing--40);padding-left:var(--wp--preset--spacing--40)\">Forh\u00e5bentlig vil nye traditioner begynde at blomstre. I 2024 var hele familien samlet, herunder Majbritt og Christian, sammen med Sofie og Emilie og deres k\u00e6rester, Nicholas og Christopher.&nbsp;<\/p>\n<\/div>\n\n\n\n<div class=\"wp-block-column is-layout-flow wp-block-column-is-layout-flow\">\n<figure class=\"wp-block-image size-large is-resized\"><img loading=\"lazy\" decoding=\"async\" width=\"1024\" height=\"969\" src=\"https:\/\/ferieski.dk\/wp-content\/uploads\/2024\/04\/IMG_5783-scaled-e1711983888456-1024x969.jpeg\" alt=\"\" class=\"wp-image-469\" style=\"width:521px;height:auto\" srcset=\"https:\/\/ferieski.dk\/wp-content\/uploads\/2024\/04\/IMG_5783-scaled-e1711983888456-1024x969.jpeg 1024w, https:\/\/ferieski.dk\/wp-content\/uploads\/2024\/04\/IMG_5783-scaled-e1711983888456-300x284.jpeg 300w, https:\/\/ferieski.dk\/wp-content\/uploads\/2024\/04\/IMG_5783-scaled-e1711983888456-768x726.jpeg 768w, https:\/\/ferieski.dk\/wp-content\/uploads\/2024\/04\/IMG_5783-scaled-e1711983888456-1536x1453.jpeg 1536w, https:\/\/ferieski.dk\/wp-content\/uploads\/2024\/04\/IMG_5783-scaled-e1711983888456.jpeg 2030w\" sizes=\"auto, (max-width: 1024px) 100vw, 1024px\" \/><\/figure>\n<\/div>\n\n\n\n<div class=\"wp-block-column is-vertically-aligned-top is-layout-flow wp-block-column-is-layout-flow\">\n<p class=\"has-large-font-size\" style=\"padding-top:0;padding-right:var(--wp--preset--spacing--40);padding-bottom:0;padding-left:var(--wp--preset--spacing--40);text-transform:uppercase\">skriv en hilsen i G\u00e6stebogen<\/p>\n\n\n\n<p style=\"margin-top:var(--wp--preset--spacing--30);margin-bottom:var(--wp--preset--spacing--30);padding-right:var(--wp--preset--spacing--40);padding-left:var(--wp--preset--spacing--40)\">I lejligheden er der en g\u00e6stebog, hvor bes\u00f8gende har skrevet og tegnet hilsner som tak for leje af lejligheden. Vi h\u00e5ber meget at I som bes\u00f8gende ogs\u00e5 vil dele jeres minder med os og de andre bes\u00f8gende.&nbsp;<\/p>\n\n\n\n<p style=\"padding-right:var(--wp--preset--spacing--40);padding-left:var(--wp--preset--spacing--40)\">Som ofte er der ogs\u00e5 gode tips og trick at hente i g\u00e6stebogen, da folk oftest deler l\u00e6re spise steder eller gode pister for s\u00e6sonen.&nbsp;&nbsp;<\/p>\n<\/div>\n<\/div>\n\n\n\n<div style=\"height:40px\" aria-hidden=\"true\" class=\"wp-block-spacer\"><\/div>\n<\/div>\n","protected":false},"excerpt":{"rendered":"<p>Om os Lejligheden i Le Lac Blanch har v\u00e6ret en del af de Bang familien siden 1986.\u00a0Niels de Bang k\u00f8bte lejligheden og ca et \u00e5rti efter fik han sin yngste s\u00f8n, Christian de Bang med i k\u00f8bet. i 2019 opk\u00f8bte Christian, og hans kone Majbritt, lejligheden af Niels, da han \u00f8nskede at skille sig af [&hellip;]<\/p>\n","protected":false},"author":1,"featured_media":0,"parent":0,"menu_order":0,"comment_status":"closed","ping_status":"closed","template":"","meta":{"footnotes":""},"class_list":["post-339","page","type-page","status-publish","hentry"],"_links":{"self":[{"href":"https:\/\/ferieski.dk\/index.php\/wp-json\/wp\/v2\/pages\/339","targetHints":{"allow":["GET"]}}],"collection":[{"href":"https:\/\/ferieski.dk\/index.php\/wp-json\/wp\/v2\/pages"}],"about":[{"href":"https:\/\/ferieski.dk\/index.php\/wp-json\/wp\/v2\/types\/page"}],"author":[{"embeddable":true,"href":"https:\/\/ferieski.dk\/index.php\/wp-json\/wp\/v2\/users\/1"}],"replies":[{"embeddable":true,"href":"https:\/\/ferieski.dk\/index.php\/wp-json\/wp\/v2\/comments?post=339"}],"version-history":[{"count":17,"href":"https:\/\/ferieski.dk\/index.php\/wp-json\/wp\/v2\/pages\/339\/revisions"}],"predecessor-version":[{"id":698,"href":"https:\/\/ferieski.dk\/index.php\/wp-json\/wp\/v2\/pages\/339\/revisions\/698"}],"wp:attachment":[{"href":"https:\/\/ferieski.dk\/index.php\/wp-json\/wp\/v2\/media?parent=339"}],"curies":[{"name":"wp","href":"https:\/\/api.w.org\/{rel}","templated":true}]}}